{"id":5255,"date":"2018-04-29T17:15:29","date_gmt":"2018-04-29T14:15:29","guid":{"rendered":"http:\/\/aykutsevinc.com\/?page_id=5255"},"modified":"2022-08-16T22:26:46","modified_gmt":"2022-08-16T19:26:46","slug":"mimari-tasarimlari-architectural-design","status":"publish","type":"page","link":"https:\/\/aykutsevinc.com\/index.php\/mimari-tasarimlari-architectural-design\/","title":{"rendered":"M\u0130MAR\u0130 TASARIMLARI \/ ARCHITECTURAL DESIGN"},"content":{"rendered":"<div id='full_slider_1'  class='avia-fullwidth-slider main_color avia-shadow   avia-builder-el-0  el_before_av_section  avia-builder-el-first   container_wrap sidebar_right'  ><div  class='avia-slideshow av-av_slideshow_full-06df3501e49f729ddd7276cc45762ad8 avia-slideshow-featured av_slideshow_full avia-fade-slider av-slideshow-ui av-control-default av-slideshow-autoplay av-loop-endless av-loop-manual-endless av-default-height-applied  image_no_stretch avia-slideshow-1' data-slideshow-options=\"{&quot;animation&quot;:&quot;fade&quot;,&quot;autoplay&quot;:true,&quot;loop_autoplay&quot;:&quot;endless&quot;,&quot;interval&quot;:5,&quot;loop_manual&quot;:&quot;manual-endless&quot;,&quot;autoplay_stopper&quot;:false,&quot;noNavigation&quot;:false,&quot;bg_slider&quot;:false,&quot;keep_padding&quot;:false,&quot;hoverpause&quot;:false,&quot;show_slide_delay&quot;:0}\"  itemprop=\"image\" itemscope=\"itemscope\" itemtype=\"https:\/\/schema.org\/ImageObject\" ><ul class='avia-slideshow-inner ' style='padding-bottom: 28.666666666667%;'><li  class='avia-slideshow-slide av-av_slideshow_full-06df3501e49f729ddd7276cc45762ad8__0  av-single-slide slide-1 slide-odd'><div data-rel='slideshow-1' class='avia-slide-wrap '   ><img fetchpriority=\"high\" class=\"wp-image-4310 avia-img-lazy-loading-not-4310\"  src='https:\/\/aykutsevinc.com\/wp-content\/uploads\/2018\/02\/KURUMSAL-K\u0130ML\u0130K-1500x430.jpg' width='1500' height='430' title='KURUMSAL K\u0130ML\u0130K' alt=''  itemprop=\"thumbnailUrl\"   \/><\/div><\/li><\/ul><\/div><\/div>\n\n<style type=\"text\/css\" data-created_by=\"avia_inline_auto\" id=\"style-css-av-av_section-c2d968accbfeef570993a8c208c5075d\">\n.avia-section.av-av_section-c2d968accbfeef570993a8c208c5075d{\nbackground-color:#424242;\nbackground-image:unset;\n}\n<\/style>\n<div id='av_section_1'  class='avia-section av-av_section-c2d968accbfeef570993a8c208c5075d main_color avia-section-default avia-no-shadow  avia-builder-el-1  el_after_av_slideshow_full  el_before_av_masonry_gallery  avia-bg-style-scroll av-minimum-height av-minimum-height-custom av-height-custom  container_wrap sidebar_right'   data-av_minimum_height_px='50'><div class='container av-section-cont-open' style='height:50px'><div class='template-page content  av-content-small alpha units'><div class='post-entry post-entry-type-page post-entry-5255'><div class='entry-content-wrapper clearfix'>\n\n<style type=\"text\/css\" data-created_by=\"avia_inline_auto\" id=\"style-css-av-av_heading-b2f508e96836607b91788a8b3b9cf56f\">\n#top .av-special-heading.av-av_heading-b2f508e96836607b91788a8b3b9cf56f{\npadding-bottom:5px;\ncolor:#ffffff;\nfont-size:30px;\n}\nbody .av-special-heading.av-av_heading-b2f508e96836607b91788a8b3b9cf56f .av-special-heading-tag .heading-char{\nfont-size:25px;\n}\n#top #wrap_all .av-special-heading.av-av_heading-b2f508e96836607b91788a8b3b9cf56f .av-special-heading-tag{\nfont-size:30px;\n}\n.av-special-heading.av-av_heading-b2f508e96836607b91788a8b3b9cf56f .special-heading-inner-border{\nborder-color:#ffffff;\n}\n.av-special-heading.av-av_heading-b2f508e96836607b91788a8b3b9cf56f .av-subheading{\nfont-size:15px;\n}\n\n@media only screen and (min-width: 480px) and (max-width: 767px){ \n#top #wrap_all .av-special-heading.av-av_heading-b2f508e96836607b91788a8b3b9cf56f .av-special-heading-tag{\nfont-size:0.8em;\n}\n}\n\n@media only screen and (max-width: 479px){ \n#top #wrap_all .av-special-heading.av-av_heading-b2f508e96836607b91788a8b3b9cf56f .av-special-heading-tag{\nfont-size:0.8em;\n}\n}\n<\/style>\n<div  class='av-special-heading av-av_heading-b2f508e96836607b91788a8b3b9cf56f av-special-heading-h1 custom-color-heading blockquote modern-quote modern-centered  avia-builder-el-2  avia-builder-el-no-sibling  av-inherit-size'><h1 class='av-special-heading-tag '  itemprop=\"headline\"  >M\u0130MAR\u0130 TASARIMLAR \/ ARCHITECTURAL DESIGN<\/h1><div class=\"special-heading-border\"><div class=\"special-heading-inner-border\"><\/div><\/div><\/div>\n\n<div id='av-masonry-1' class='av-masonry av-av_masonry_gallery-c0679018c7e6e795fd2ca4006b6bcae8 noHover av-fixed-size av-no-gap av-hover-overlay-active av-masonry-animation-active av-masonry-col-4 av-caption-always av-caption-style- av-masonry-gallery ' data-post_id=\"5255\"><div class=\"av-masonry-container isotope av-js-disabled\"><div class='av-masonry-entry isotope-item av-masonry-item-no-image '><\/div><a href=\"https:\/\/aykutsevinc.com\/wp-content\/uploads\/2018\/04\/mauisons-1-1030x773.jpg\"  aria-label=\"image mauisons fuar stand tasra\u0131m\u0131\"  id='av-masonry-1-item-5270' data-av-masonry-item='5270' class='av-masonry-entry isotope-item post-5270 attachment type-attachment status-inherit hentry  av-masonry-item-with-image' title=\"mauisons fuar stand tasra\u0131m\u0131\" alt=\"\"    itemprop=\"thumbnailUrl\" ><div class='av-inner-masonry-sizer'><\/div><figure class='av-inner-masonry main_color'><div class=\"av-masonry-outerimage-container\"><div class='av-masonry-image-container' style=\"background-image: url(https:\/\/aykutsevinc.com\/wp-content\/uploads\/2018\/04\/mauisons-1-705x529.jpg);\"  title=\"mauisons fuar stand tasra\u0131m\u0131\" ><\/div><\/div><\/figure><\/a><!--end av-masonry entry--><a href=\"https:\/\/aykutsevinc.com\/wp-content\/uploads\/2018\/04\/mauisons-2-1030x653.jpg\"  aria-label=\"image mauisons fuar stand tasra\u0131m\u0131\"  id='av-masonry-1-item-5271' data-av-masonry-item='5271' class='av-masonry-entry isotope-item post-5271 attachment type-attachment status-inherit hentry  av-masonry-item-with-image' title=\"mauisons fuar stand tasra\u0131m\u0131\" alt=\"\"    itemprop=\"thumbnailUrl\" ><div class='av-inner-masonry-sizer'><\/div><figure class='av-inner-masonry main_color'><div class=\"av-masonry-outerimage-container\"><div class='av-masonry-image-container' style=\"background-image: url(https:\/\/aykutsevinc.com\/wp-content\/uploads\/2018\/04\/mauisons-2-705x447.jpg);\"  title=\"mauisons fuar stand tasra\u0131m\u0131\" ><\/div><\/div><\/figure><\/a><!--end av-masonry entry--><a href=\"https:\/\/aykutsevinc.com\/wp-content\/uploads\/2018\/04\/mauisons-3-1030x773.jpg\"  aria-label=\"image mauisons fuar stand tasra\u0131m\u0131\"  id='av-masonry-1-item-5272' data-av-masonry-item='5272' class='av-masonry-entry isotope-item post-5272 attachment type-attachment status-inherit hentry  av-masonry-item-with-image' title=\"mauisons fuar stand tasra\u0131m\u0131\" alt=\"\"    itemprop=\"thumbnailUrl\" ><div class='av-inner-masonry-sizer'><\/div><figure class='av-inner-masonry main_color'><div class=\"av-masonry-outerimage-container\"><div class='av-masonry-image-container' style=\"background-image: url(https:\/\/aykutsevinc.com\/wp-content\/uploads\/2018\/04\/mauisons-3-705x529.jpg);\"  title=\"mauisons fuar stand tasra\u0131m\u0131\" ><\/div><\/div><\/figure><\/a><!--end av-masonry entry--><a href=\"https:\/\/aykutsevinc.com\/wp-content\/uploads\/2018\/04\/aspc-2-1030x684.jpg\"  aria-label=\"image aspc s\u00f6rf okulu mimari tasar\u0131m\u0131\"  id='av-masonry-1-item-5268' data-av-masonry-item='5268' class='av-masonry-entry isotope-item post-5268 attachment type-attachment status-inherit hentry  av-masonry-item-with-image' title=\"aspc s\u00f6rf okulu mimari tasar\u0131m\u0131\" alt=\"\"    itemprop=\"thumbnailUrl\" ><div class='av-inner-masonry-sizer'><\/div><figure class='av-inner-masonry main_color'><div class=\"av-masonry-outerimage-container\"><div class='av-masonry-image-container' style=\"background-image: url(https:\/\/aykutsevinc.com\/wp-content\/uploads\/2018\/04\/aspc-2-705x468.jpg);\"  title=\"aspc s\u00f6rf okulu mimari tasar\u0131m\u0131\" ><\/div><\/div><\/figure><\/a><!--end av-masonry entry--><a href=\"https:\/\/aykutsevinc.com\/wp-content\/uploads\/2018\/04\/aspc-1-1030x684.jpg\"  aria-label=\"image aspc s\u00f6rf okulu mimari tasar\u0131m\u0131\"  id='av-masonry-1-item-5267' data-av-masonry-item='5267' class='av-masonry-entry isotope-item post-5267 attachment type-attachment status-inherit hentry  av-masonry-item-with-image' title=\"aspc s\u00f6rf okulu mimari tasar\u0131m\u0131\" alt=\"\"    itemprop=\"thumbnailUrl\" ><div class='av-inner-masonry-sizer'><\/div><figure class='av-inner-masonry main_color'><div class=\"av-masonry-outerimage-container\"><div class='av-masonry-image-container' style=\"background-image: url(https:\/\/aykutsevinc.com\/wp-content\/uploads\/2018\/04\/aspc-1-705x468.jpg);\"  title=\"aspc s\u00f6rf okulu mimari tasar\u0131m\u0131\" ><\/div><\/div><\/figure><\/a><!--end av-masonry entry--><a href=\"https:\/\/aykutsevinc.com\/wp-content\/uploads\/2018\/04\/aspc-3-1030x684.jpg\"  aria-label=\"image aspc s\u00f6rf okulu mimari tasar\u0131m\u0131\"  id='av-masonry-1-item-5269' data-av-masonry-item='5269' class='av-masonry-entry isotope-item post-5269 attachment type-attachment status-inherit hentry  av-masonry-item-with-image' title=\"aspc s\u00f6rf okulu mimari tasar\u0131m\u0131\" alt=\"\"    itemprop=\"thumbnailUrl\" ><div class='av-inner-masonry-sizer'><\/div><figure class='av-inner-masonry main_color'><div class=\"av-masonry-outerimage-container\"><div class='av-masonry-image-container' style=\"background-image: url(https:\/\/aykutsevinc.com\/wp-content\/uploads\/2018\/04\/aspc-3-705x468.jpg);\"  title=\"aspc s\u00f6rf okulu mimari tasar\u0131m\u0131\" ><\/div><\/div><\/figure><\/a><!--end av-masonry entry--><a href=\"https:\/\/aykutsevinc.com\/wp-content\/uploads\/2018\/04\/alacakaya-fuar-standi-2-1030x667.jpg\"  aria-label=\"image Alacakaya mermer fuar stand tasar\u0131m\u0131\"  id='av-masonry-1-item-5257' data-av-masonry-item='5257' class='av-masonry-entry isotope-item post-5257 attachment type-attachment status-inherit hentry  av-masonry-item-with-image' title=\"Alacakaya mermer fuar stand tasar\u0131m\u0131\" alt=\"\"    itemprop=\"thumbnailUrl\" ><div class='av-inner-masonry-sizer'><\/div><figure class='av-inner-masonry main_color'><div class=\"av-masonry-outerimage-container\"><div class='av-masonry-image-container' style=\"background-image: url(https:\/\/aykutsevinc.com\/wp-content\/uploads\/2018\/04\/alacakaya-fuar-standi-2-705x456.jpg);\"  title=\"Alacakaya mermer fuar stand tasar\u0131m\u0131\" ><\/div><\/div><\/figure><\/a><!--end av-masonry entry--><a href=\"https:\/\/aykutsevinc.com\/wp-content\/uploads\/2018\/04\/alacati-ic-mimari-tasarimi-1-1030x629.jpg\"  aria-label=\"image ala\u00e7at\u0131 i\u00e7 mimari tasar\u0131m\u0131\"  id='av-masonry-1-item-5261' data-av-masonry-item='5261' class='av-masonry-entry isotope-item post-5261 attachment type-attachment status-inherit hentry  av-masonry-item-with-image' title=\"ala\u00e7at\u0131 i\u00e7 mimari tasar\u0131m\u0131\" alt=\"\"    itemprop=\"thumbnailUrl\" ><div class='av-inner-masonry-sizer'><\/div><figure class='av-inner-masonry main_color'><div class=\"av-masonry-outerimage-container\"><div class='av-masonry-image-container' style=\"background-image: url(https:\/\/aykutsevinc.com\/wp-content\/uploads\/2018\/04\/alacati-ic-mimari-tasarimi-1-705x431.jpg);\"  title=\"ala\u00e7at\u0131 i\u00e7 mimari tasar\u0131m\u0131\" ><\/div><\/div><\/figure><\/a><!--end av-masonry entry--><a href=\"https:\/\/aykutsevinc.com\/wp-content\/uploads\/2018\/04\/alacati-ic-mimari-tasarimi-4-1030x667.jpg\"  aria-label=\"image ala\u00e7at\u0131 i\u00e7 mimari tasar\u0131m\u0131\"  id='av-masonry-1-item-5264' data-av-masonry-item='5264' class='av-masonry-entry isotope-item post-5264 attachment type-attachment status-inherit hentry  av-masonry-item-with-image' title=\"ala\u00e7at\u0131 i\u00e7 mimari tasar\u0131m\u0131\" alt=\"\"    itemprop=\"thumbnailUrl\" ><div class='av-inner-masonry-sizer'><\/div><figure class='av-inner-masonry main_color'><div class=\"av-masonry-outerimage-container\"><div class='av-masonry-image-container' style=\"background-image: url(https:\/\/aykutsevinc.com\/wp-content\/uploads\/2018\/04\/alacati-ic-mimari-tasarimi-4-705x456.jpg);\"  title=\"ala\u00e7at\u0131 i\u00e7 mimari tasar\u0131m\u0131\" ><\/div><\/div><\/figure><\/a><!--end av-masonry entry--><a href=\"https:\/\/aykutsevinc.com\/wp-content\/uploads\/2018\/04\/mavi-jeans-magaza-2-1030x834.jpg\"  aria-label=\"image Mavi jeans ma\u011faza tasar\u0131m\u0131\"  id='av-masonry-1-item-5273' data-av-masonry-item='5273' class='av-masonry-entry isotope-item post-5273 attachment type-attachment status-inherit hentry  av-masonry-item-with-image' title=\"Mavi jeans ma\u011faza tasar\u0131m\u0131\" alt=\"\"    itemprop=\"thumbnailUrl\" ><div class='av-inner-masonry-sizer'><\/div><figure class='av-inner-masonry main_color'><div class=\"av-masonry-outerimage-container\"><div class='av-masonry-image-container' style=\"background-image: url(https:\/\/aykutsevinc.com\/wp-content\/uploads\/2018\/04\/mavi-jeans-magaza-2-705x571.jpg);\"  title=\"Mavi jeans ma\u011faza tasar\u0131m\u0131\" ><\/div><\/div><\/figure><\/a><!--end av-masonry entry--><a href=\"https:\/\/aykutsevinc.com\/wp-content\/uploads\/2018\/04\/mavi-jeans-magaza-3-1030x773.jpg\"  aria-label=\"image Mavi jeans ma\u011faza tasar\u0131m\u0131\"  id='av-masonry-1-item-5274' data-av-masonry-item='5274' class='av-masonry-entry isotope-item post-5274 attachment type-attachment status-inherit hentry  av-masonry-item-with-image' title=\"Mavi jeans ma\u011faza tasar\u0131m\u0131\" alt=\"\"    itemprop=\"thumbnailUrl\" ><div class='av-inner-masonry-sizer'><\/div><figure class='av-inner-masonry main_color'><div class=\"av-masonry-outerimage-container\"><div class='av-masonry-image-container' style=\"background-image: url(https:\/\/aykutsevinc.com\/wp-content\/uploads\/2018\/04\/mavi-jeans-magaza-3-705x529.jpg);\"  title=\"Mavi jeans ma\u011faza tasar\u0131m\u0131\" ><\/div><\/div><\/figure><\/a><!--end av-masonry entry--><a href=\"https:\/\/aykutsevinc.com\/wp-content\/uploads\/2018\/04\/mavi-jeans-magaza-4-1030x773.jpg\"  aria-label=\"image Mavi jeans ma\u011faza tasar\u0131m\u0131\"  id='av-masonry-1-item-5275' data-av-masonry-item='5275' class='av-masonry-entry isotope-item post-5275 attachment type-attachment status-inherit hentry  av-masonry-item-with-image' title=\"Mavi jeans ma\u011faza tasar\u0131m\u0131\" alt=\"\"    itemprop=\"thumbnailUrl\" ><div class='av-inner-masonry-sizer'><\/div><figure class='av-inner-masonry main_color'><div class=\"av-masonry-outerimage-container\"><div class='av-masonry-image-container' style=\"background-image: url(https:\/\/aykutsevinc.com\/wp-content\/uploads\/2018\/04\/mavi-jeans-magaza-4-705x529.jpg);\"  title=\"Mavi jeans ma\u011faza tasar\u0131m\u0131\" ><\/div><\/div><\/figure><\/a><!--end av-masonry entry--><a href=\"https:\/\/aykutsevinc.com\/wp-content\/uploads\/2018\/04\/mavi-jeans-magaza-5-1030x773.jpg\"  aria-label=\"image Mavi jeans ma\u011faza tasar\u0131m\u0131\"  id='av-masonry-1-item-5276' data-av-masonry-item='5276' class='av-masonry-entry isotope-item post-5276 attachment type-attachment status-inherit hentry  av-masonry-item-with-image' title=\"Mavi jeans ma\u011faza tasar\u0131m\u0131\" alt=\"\"    itemprop=\"thumbnailUrl\" ><div class='av-inner-masonry-sizer'><\/div><figure class='av-inner-masonry main_color'><div class=\"av-masonry-outerimage-container\"><div class='av-masonry-image-container' style=\"background-image: url(https:\/\/aykutsevinc.com\/wp-content\/uploads\/2018\/04\/mavi-jeans-magaza-5-705x529.jpg);\"  title=\"Mavi jeans ma\u011faza tasar\u0131m\u0131\" ><\/div><\/div><\/figure><\/a><!--end av-masonry entry--><a href=\"https:\/\/aykutsevinc.com\/wp-content\/uploads\/2018\/04\/mavi-jeans-magaza-6-1030x773.jpg\"  aria-label=\"image Mavi jeans ma\u011faza tasar\u0131m\u0131\"  id='av-masonry-1-item-5277' data-av-masonry-item='5277' class='av-masonry-entry isotope-item post-5277 attachment type-attachment status-inherit hentry  av-masonry-item-with-image' title=\"Mavi jeans ma\u011faza tasar\u0131m\u0131\" alt=\"\"    itemprop=\"thumbnailUrl\" ><div class='av-inner-masonry-sizer'><\/div><figure class='av-inner-masonry main_color'><div class=\"av-masonry-outerimage-container\"><div class='av-masonry-image-container' style=\"background-image: url(https:\/\/aykutsevinc.com\/wp-content\/uploads\/2018\/04\/mavi-jeans-magaza-6-705x529.jpg);\"  title=\"Mavi jeans ma\u011faza tasar\u0131m\u0131\" ><\/div><\/div><\/figure><\/a><!--end av-masonry entry--><a href=\"https:\/\/aykutsevinc.com\/wp-content\/uploads\/2018\/04\/mavi-jeans-magaza-7-1030x773.jpg\"  aria-label=\"image Mavi jeans ma\u011faza tasar\u0131m\u0131\"  id='av-masonry-1-item-5278' data-av-masonry-item='5278' class='av-masonry-entry isotope-item post-5278 attachment type-attachment status-inherit hentry  av-masonry-item-with-image' title=\"Mavi jeans ma\u011faza tasar\u0131m\u0131\" alt=\"\"    itemprop=\"thumbnailUrl\" ><div class='av-inner-masonry-sizer'><\/div><figure class='av-inner-masonry main_color'><div class=\"av-masonry-outerimage-container\"><div class='av-masonry-image-container' style=\"background-image: url(https:\/\/aykutsevinc.com\/wp-content\/uploads\/2018\/04\/mavi-jeans-magaza-7-705x529.jpg);\"  title=\"Mavi jeans ma\u011faza tasar\u0131m\u0131\" ><\/div><\/div><\/figure><\/a><!--end av-masonry entry--><a href=\"https:\/\/aykutsevinc.com\/wp-content\/uploads\/2018\/04\/mavi-jeans-magaza-8-1030x896.jpg\"  aria-label=\"image Mavi jeans ma\u011faza tasar\u0131m\u0131\"  id='av-masonry-1-item-5279' data-av-masonry-item='5279' class='av-masonry-entry isotope-item post-5279 attachment type-attachment status-inherit hentry  av-masonry-item-with-image' title=\"Mavi jeans ma\u011faza tasar\u0131m\u0131\" alt=\"\"    itemprop=\"thumbnailUrl\" ><div class='av-inner-masonry-sizer'><\/div><figure class='av-inner-masonry main_color'><div class=\"av-masonry-outerimage-container\"><div class='av-masonry-image-container' style=\"background-image: url(https:\/\/aykutsevinc.com\/wp-content\/uploads\/2018\/04\/mavi-jeans-magaza-8-705x613.jpg);\"  title=\"Mavi jeans ma\u011faza tasar\u0131m\u0131\" ><\/div><\/div><\/figure><\/a><!--end av-masonry entry--><a href=\"https:\/\/aykutsevinc.com\/wp-content\/uploads\/2018\/04\/mavi-jeans-magaza-9-1030x773.jpg\"  aria-label=\"image Mavi jeans ma\u011faza tasar\u0131m\u0131\"  id='av-masonry-1-item-5280' data-av-masonry-item='5280' class='av-masonry-entry isotope-item post-5280 attachment type-attachment status-inherit hentry  av-masonry-item-with-image' title=\"Mavi jeans ma\u011faza tasar\u0131m\u0131\" alt=\"\"    itemprop=\"thumbnailUrl\" ><div class='av-inner-masonry-sizer'><\/div><figure class='av-inner-masonry main_color'><div class=\"av-masonry-outerimage-container\"><div class='av-masonry-image-container' style=\"background-image: url(https:\/\/aykutsevinc.com\/wp-content\/uploads\/2018\/04\/mavi-jeans-magaza-9-705x529.jpg);\"  title=\"Mavi jeans ma\u011faza tasar\u0131m\u0131\" ><\/div><\/div><\/figure><\/a><!--end av-masonry entry--><a href=\"https:\/\/aykutsevinc.com\/wp-content\/uploads\/2018\/04\/mavi-jeans-magaza-10-1030x773.jpg\"  aria-label=\"image Mavi jeans ma\u011faza tasar\u0131m\u0131\"  id='av-masonry-1-item-5281' data-av-masonry-item='5281' class='av-masonry-entry isotope-item post-5281 attachment type-attachment status-inherit hentry  av-masonry-item-with-image' title=\"Mavi jeans ma\u011faza tasar\u0131m\u0131\" alt=\"\"    itemprop=\"thumbnailUrl\" ><div class='av-inner-masonry-sizer'><\/div><figure class='av-inner-masonry main_color'><div class=\"av-masonry-outerimage-container\"><div class='av-masonry-image-container' style=\"background-image: url(https:\/\/aykutsevinc.com\/wp-content\/uploads\/2018\/04\/mavi-jeans-magaza-10-705x529.jpg);\"  title=\"Mavi jeans ma\u011faza tasar\u0131m\u0131\" ><\/div><\/div><\/figure><\/a><!--end av-masonry entry--><a href=\"https:\/\/aykutsevinc.com\/wp-content\/uploads\/2018\/04\/mavi-jeans-magaza-11-1030x773.jpg\"  aria-label=\"image Mavi jeans ma\u011faza tasar\u0131m\u0131\"  id='av-masonry-1-item-5282' data-av-masonry-item='5282' class='av-masonry-entry isotope-item post-5282 attachment type-attachment status-inherit hentry  av-masonry-item-with-image' title=\"Mavi jeans ma\u011faza tasar\u0131m\u0131\" alt=\"\"    itemprop=\"thumbnailUrl\" ><div class='av-inner-masonry-sizer'><\/div><figure class='av-inner-masonry main_color'><div class=\"av-masonry-outerimage-container\"><div class='av-masonry-image-container' style=\"background-image: url(https:\/\/aykutsevinc.com\/wp-content\/uploads\/2018\/04\/mavi-jeans-magaza-11-705x529.jpg);\"  title=\"Mavi jeans ma\u011faza tasar\u0131m\u0131\" ><\/div><\/div><\/figure><\/a><!--end av-masonry entry--><a href=\"https:\/\/aykutsevinc.com\/wp-content\/uploads\/2018\/04\/mavi-jeans-magaza-12-1030x687.jpg\"  aria-label=\"image Mavi jeans ma\u011faza tasar\u0131m\u0131\"  id='av-masonry-1-item-5283' data-av-masonry-item='5283' class='av-masonry-entry isotope-item post-5283 attachment type-attachment status-inherit hentry  av-masonry-item-with-image' title=\"Mavi jeans ma\u011faza tasar\u0131m\u0131\" alt=\"\"    itemprop=\"thumbnailUrl\" ><div class='av-inner-masonry-sizer'><\/div><figure class='av-inner-masonry main_color'><div class=\"av-masonry-outerimage-container\"><div class='av-masonry-image-container' style=\"background-image: url(https:\/\/aykutsevinc.com\/wp-content\/uploads\/2018\/04\/mavi-jeans-magaza-12-705x470.jpg);\"  title=\"Mavi jeans ma\u011faza tasar\u0131m\u0131\" ><\/div><\/div><\/figure><\/a><!--end av-masonry entry--><a href=\"https:\/\/aykutsevinc.com\/wp-content\/uploads\/2018\/04\/reismermer-1-1030x709.jpg\"  aria-label=\"image reis mermre fuar stand tasra\u0131m\u0131\"  id='av-masonry-1-item-5284' data-av-masonry-item='5284' class='av-masonry-entry isotope-item post-5284 attachment type-attachment status-inherit hentry  av-masonry-item-with-image' title=\"reis mermre fuar stand tasra\u0131m\u0131\" alt=\"\"    itemprop=\"thumbnailUrl\" ><div class='av-inner-masonry-sizer'><\/div><figure class='av-inner-masonry main_color'><div class=\"av-masonry-outerimage-container\"><div class='av-masonry-image-container' style=\"background-image: url(https:\/\/aykutsevinc.com\/wp-content\/uploads\/2018\/04\/reismermer-1-705x486.jpg);\"  title=\"reis mermre fuar stand tasra\u0131m\u0131\" ><\/div><\/div><\/figure><\/a><!--end av-masonry entry--><a href=\"https:\/\/aykutsevinc.com\/wp-content\/uploads\/2018\/04\/reismermer-2-1030x665.jpg\"  aria-label=\"image reis mermre fuar stand tasra\u0131m\u0131\"  id='av-masonry-1-item-5285' data-av-masonry-item='5285' class='av-masonry-entry isotope-item post-5285 attachment type-attachment status-inherit hentry  av-masonry-item-with-image' title=\"reis mermre fuar stand tasra\u0131m\u0131\" alt=\"\"    itemprop=\"thumbnailUrl\" ><div class='av-inner-masonry-sizer'><\/div><figure class='av-inner-masonry main_color'><div class=\"av-masonry-outerimage-container\"><div class='av-masonry-image-container' style=\"background-image: url(https:\/\/aykutsevinc.com\/wp-content\/uploads\/2018\/04\/reismermer-2-705x455.jpg);\"  title=\"reis mermre fuar stand tasra\u0131m\u0131\" ><\/div><\/div><\/figure><\/a><!--end av-masonry entry--><\/div><\/div>\n","protected":false},"excerpt":{"rendered":"","protected":false},"author":1,"featured_media":0,"parent":0,"menu_order":0,"comment_status":"closed","ping_status":"closed","template":"","meta":{"footnotes":""},"class_list":["post-5255","page","type-page","status-publish","hentry"],"_links":{"self":[{"href":"https:\/\/aykutsevinc.com\/index.php\/wp-json\/wp\/v2\/pages\/5255","targetHints":{"allow":["GET"]}}],"collection":[{"href":"https:\/\/aykutsevinc.com\/index.php\/wp-json\/wp\/v2\/pages"}],"about":[{"href":"https:\/\/aykutsevinc.com\/index.php\/wp-json\/wp\/v2\/types\/page"}],"author":[{"embeddable":true,"href":"https:\/\/aykutsevinc.com\/index.php\/wp-json\/wp\/v2\/users\/1"}],"replies":[{"embeddable":true,"href":"https:\/\/aykutsevinc.com\/index.php\/wp-json\/wp\/v2\/comments?post=5255"}],"version-history":[{"count":2,"href":"https:\/\/aykutsevinc.com\/index.php\/wp-json\/wp\/v2\/pages\/5255\/revisions"}],"predecessor-version":[{"id":5725,"href":"https:\/\/aykutsevinc.com\/index.php\/wp-json\/wp\/v2\/pages\/5255\/revisions\/5725"}],"wp:attachment":[{"href":"https:\/\/aykutsevinc.com\/index.php\/wp-json\/wp\/v2\/media?parent=5255"}],"curies":[{"name":"wp","href":"https:\/\/api.w.org\/{rel}","templated":true}]}}